{"id":71,"date":"2006-04-30T18:58:32","date_gmt":"2006-04-30T17:58:32","guid":{"rendered":"http:\/\/mobile-gesundheitsberatung.de\/wp\/startseite\/stoberecke\/tai-chi\/tai-chi-qigong-als-ruckenschulung\/"},"modified":"2025-01-05T11:25:05","modified_gmt":"2025-01-05T10:25:05","slug":"tai-chi-qigong","status":"publish","type":"page","link":"https:\/\/mobile-gesundheitsberatung.de\/wp\/startseite\/stoberecke\/tai-chi\/tai-chi-qigong\/","title":{"rendered":"Tai Chi Qigong"},"content":{"rendered":"<p><strong>Tai Chi Qigong &#8211; Shibashi <\/strong><\/p>\n<p>In entspannter Runde tauchen wir ein in die chinesischen Gesundheits\u00fcbungen aus dem Shibashi.<br \/>\nEin ausgearbeitetes System aus 8 Sets nach Lin Housheng (*16.09.1939), Professor an der Sportuniversit\u00e4t Shanghai.<\/p>\n<p>Die \u00dcbungen des Shibashi sind eine sch\u00f6ne flie\u00dfende \u00dcbungsform.<br \/>\nSie schenkt uns Freude und kann zu einer tiefen Entspannung f\u00fchren.<\/p>\n<p>Muskeln, Sehnen, Knochen und Gelenke werden sanft mobilisiert. Regelm\u00e4\u00dfiges \u00dcben l\u00e4sst uns bis ins hohe Alter geschmeidig und kr\u00e4ftig bleiben.<br \/>\nDie \u00dcbungen sind f\u00fcr alle Altersgruppen geeignet.<\/p>\n<p><strong>Tai Chi Qigong Teil 1<\/strong><\/p>\n<p>1.Das Chi wecken<br \/>\n2.Die Brust \u00f6ffnen<br \/>\n3.Den Regenbogen schwenken<br \/>\n4.Die Wolken teilen<br \/>\n5.Den Affen jagen<br \/>\n6.Mitten \u00fcbern See rudern<br \/>\n7.Das Chi seitlich vor die Schulter schieben<br \/>\n8.Sich zur\u00fcckdrehen und zum Mond schauen<br \/>\n9.Das Chi seitw\u00e4rts schieben<br \/>\n10.Die Wolkenh\u00e4nde<br \/>\n11.Der Tiger fischt den Mond aus dem Meer<br \/>\n12.Wellenreiten<br \/>\n13.Die Taube entfaltet ihre Fl\u00fcgel<br \/>\n14.Mit der Faust vorw\u00e4rts sto\u00dfen<br \/>\n15.Die Wildgans segelt<br \/>\n16.Das gro\u00dfe Rad drehen<br \/>\n17.Den Chi-Ball prellen<br \/>\n18.Das Chi regulieren<\/p>\n<p><a href=\"https:\/\/youtu.be\/3Ouji9cCyfE\" target=\" _blank\" rel=\"noopener noreferrer\"> Set 1 in meinem Garten<\/a><\/p>\n<p><strong>Tai Chi Qigong Teil 2<\/strong><\/p>\n<p>1. Das Qi regulieren<br \/>\n2. Den &#8222;kleinen himmlischen Kreislauf&#8220; aktivieren<br \/>\n3. Der Wind weht durch den Weidenbaum<br \/>\n4. Die Nadel auf dem Meeresgrund suchen<br \/>\n5. Der Fischer wirft das Netz<br \/>\n6. Der Unsterbliche zeigt den Weg<br \/>\n7. Die unartigen Kinder treten mit dem Fu\u00df<br \/>\n8. Der Mandschurenkranich erweist dem Mond die Referenz<br \/>\n9. Der Drache kundschaftet die H\u00f6hle aus<br \/>\n10. Den Bogen spannen<br \/>\n11. Zwei Drachen tauchen aus dem Meer<br \/>\n12. Das blaue Meer kr\u00e4uselt sich<br \/>\n13. Der L\u00f6we spielt Ball<br \/>\n14. Den Mond in den Scho\u00df holen<br \/>\n15. Der Ph\u00f6nix breitet seine Fl\u00fcgel aus<br \/>\n16. Den Gegner bei den Ohren schlagen<br \/>\n17. Die innere Kraft auf das Dantien lenken<br \/>\n18. Das Qi in der Mitte zentrieren<\/p>\n<p>Neugierig? Einfach mal vor bei schauen und ausprobieren.<br \/>\nBei Interesse biete ich ihnen gerne die Sets 1,2,3,5 an.<\/p>\n<p><strong>In Wetter-Wengern (Ruhr), Turnhalle Stollenweg 6<\/strong><br \/>\njeden Freitag von 18.00 &#8211; 19.00 Uhr<br \/>\n<a href=\"http:\/\/www.tus-wengern.de\" target=\"_blank\" rel=\"noopener noreferrer\"> TuS Wengern<\/a><\/p>\n<p><strong>In Wetter (Ruhr), Turnhalle Bergstr.<\/strong><br \/>\nJeden Mittwoch von 18.00-19.00 Uhr<br \/>\n<a href=\"http:\/\/www.tgh-wetter.de\">TgH Wetter<\/a><\/p>\n<p><a href=\"http:\/\/www.qigong-baden-baden.de\/shibashi.html\">Shibashi<\/a> in Baden Baden im Zenthaus;<br \/>\nWorkshop und Ausbildung<\/p>\n","protected":false},"excerpt":{"rendered":"<p>Tai Chi Qigong &#8211; Shibashi In entspannter Runde tauchen wir ein in die chinesischen Gesundheits\u00fcbungen aus dem Shibashi. Ein ausgearbeitetes System aus 8 Sets nach Lin Housheng (*16.09.1939), Professor an der Sportuniversit\u00e4t Shanghai. Die \u00dcbungen des Shibashi sind eine sch\u00f6ne flie\u00dfende \u00dcbungsform. Sie schenkt uns Freude und kann zu einer tiefen Entspannung f\u00fchren. Muskeln, Sehnen, &hellip; <\/p>\n<p class=\"link-more\"><a href=\"https:\/\/mobile-gesundheitsberatung.de\/wp\/startseite\/stoberecke\/tai-chi\/tai-chi-qigong\/\" class=\"more-link\"><span class=\"screen-reader-text\">\u201eTai Chi Qigong\u201c <\/span>weiterlesen<\/a><\/p>\n","protected":false},"author":1,"featured_media":0,"parent":6,"menu_order":0,"comment_status":"closed","ping_status":"open","template":"","meta":{"footnotes":""},"class_list":["post-71","page","type-page","status-publish","hentry"],"_links":{"self":[{"href":"https:\/\/mobile-gesundheitsberatung.de\/wp\/wp-json\/wp\/v2\/pages\/71","targetHints":{"allow":["GET"]}}],"collection":[{"href":"https:\/\/mobile-gesundheitsberatung.de\/wp\/wp-json\/wp\/v2\/pages"}],"about":[{"href":"https:\/\/mobile-gesundheitsberatung.de\/wp\/wp-json\/wp\/v2\/types\/page"}],"author":[{"embeddable":true,"href":"https:\/\/mobile-gesundheitsberatung.de\/wp\/wp-json\/wp\/v2\/users\/1"}],"replies":[{"embeddable":true,"href":"https:\/\/mobile-gesundheitsberatung.de\/wp\/wp-json\/wp\/v2\/comments?post=71"}],"version-history":[{"count":29,"href":"https:\/\/mobile-gesundheitsberatung.de\/wp\/wp-json\/wp\/v2\/pages\/71\/revisions"}],"predecessor-version":[{"id":1977,"href":"https:\/\/mobile-gesundheitsberatung.de\/wp\/wp-json\/wp\/v2\/pages\/71\/revisions\/1977"}],"up":[{"embeddable":true,"href":"https:\/\/mobile-gesundheitsberatung.de\/wp\/wp-json\/wp\/v2\/pages\/6"}],"wp:attachment":[{"href":"https:\/\/mobile-gesundheitsberatung.de\/wp\/wp-json\/wp\/v2\/media?parent=71"}],"curies":[{"name":"wp","href":"https:\/\/api.w.org\/{rel}","templated":true}]}}